{"id":360,"date":"2024-09-11T12:28:17","date_gmt":"2024-09-11T12:28:17","guid":{"rendered":"http:\/\/adria-connect.test\/custom-tours\/"},"modified":"2025-03-24T20:14:38","modified_gmt":"2025-03-24T20:14:38","slug":"prilagojeni-prevozi","status":"publish","type":"page","link":"https:\/\/www.adria-connect.si\/sl\/prilagojeni-prevozi\/","title":{"rendered":"Prilagojeni prevozi"},"content":{"rendered":"        <div   class=\"gutenberg-block block columns col-1\">\n            <div class=\"column  bg_basic-0 col_\">\n    <div class=\"content container pt-0 pb-10\"><div class=\"element wysiwyg\">\n    <p><strong>Prednosti prilagojenih tur<\/strong><\/p>\n<p>&nbsp;<\/p>\n<\/div><div class=\"element spacer space-30\"><\/div><div class=\"element wysiwyg\">\n    <p><strong>Personalizacija:<\/strong>\u00a0Ena od glavnih prednosti prilagojenih tur je mo\u017enost personalizacije va\u0161ega na\u010drta potovanja. Lahko izberete, kam \u017eelite iti, kako dolgo \u017eelite ostati na posameznih lokacijah in kak\u0161ne vrste izku\u0161enj vas zanimajo\u2014naj bodo to kulturne znamenitosti, naravne ekskurzije ali kulinari\u010dne izku\u0161nje.<\/p>\n<p>&nbsp;<\/p>\n<\/div><div class=\"element wysiwyg\">\n    <p><strong>Fleksibilnost:<\/strong> V nasprotju s tradicionalnimi turami, ki delujejo po fiksnem urniku, prilagojene ture nudijo fleksibilnost. Na\u010drte lahko prilagodite na licu mesta glede na vremenske razmere, osebne interese ali priporo\u010dila voznika.<\/p>\n<p>&nbsp;<\/p>\n<\/div><div class=\"element wysiwyg\">\n    <p><strong>Lokalni vpogledi:<\/strong> Taksi vozniki pogosto imajo obse\u017eno znanje o obmo\u010djih, po katerih vozijo. Z izbiro prilagojene ture lahko koristite lokalne vpoglede in priporo\u010dila, ki obogatijo va\u0161o izku\u0161njo. Vozniki lahko predlagajo manj znane lokacije ali edinstvene dejavnosti, ki jih tipi\u010dni turisti morda spregledajo.<\/p>\n<p>&nbsp;<\/p>\n<\/div><div class=\"element wysiwyg\">\n    <p><strong>Udobje in Priro\u010dnost:<\/strong> Po meri prilagojeni ogledi, ki jih izvajajo taksi storitve, ponujajo raven udobja in priro\u010dnosti, ki je ne more ponuditi javni prevoz. U\u017eivali boste v zasebnem prevozu brez te\u017eav pri navigaciji po neznanih prometnih cestah.<\/p>\n<p>&nbsp;<\/p>\n<\/div><div class=\"element wysiwyg\">\n    <p><strong>Stro\u0161kovna U\u010dinkovitost:<\/strong>\u00a0Glede na velikost va\u0161e skupine in na\u010drtovano potovanje so lahko prilagojeni ogledi stro\u0161kovno u\u010dinkoviti v primerjavi s zasebnimi vodnimi ogledi ali ve\u010dkratnimi vo\u017enjami s taksijem \u010dez dan.<\/p>\n<p>&nbsp;<\/p>\n<\/div><div class=\"element spacer space-30\"><\/div><div class=\"element image\">\n<img decoding=\"async\" width=\"1200\" height=\"650\" src=\"https:\/\/www.adria-connect.si\/wp-content\/uploads\/2024\/07\/DSC00174-1-6.png\" class=\"image image\" loading=\"lazy\" max-width=\"1200\" srcset=\"https:\/\/www.adria-connect.si\/wp-content\/uploads\/2024\/07\/DSC00174-1-6.png 1200w, https:\/\/www.adria-connect.si\/wp-content\/uploads\/2024\/07\/DSC00174-1-6.png 1200w, https:\/\/www.adria-connect.si\/wp-content\/uploads\/2024\/07\/DSC00174-1-6-1024x555.png 1024w, https:\/\/www.adria-connect.si\/wp-content\/uploads\/2024\/07\/DSC00174-1-6-768x416.png 768w, https:\/\/www.adria-connect.si\/wp-content\/uploads\/2024\/07\/DSC00174-1-6-425x230.png 425w, https:\/\/www.adria-connect.si\/wp-content\/uploads\/2024\/07\/DSC00174-1-6-375x203.png 375w, https:\/\/www.adria-connect.si\/wp-content\/uploads\/2024\/07\/DSC00174-1-6-320x173.png 173w\" sizes=\"auto, (max-width: image_1920wpx) 100vw, image_1920wpx\" alt=\"\"><\/div><\/div><\/div>        <\/div>\n        ","protected":false},"excerpt":{"rendered":"","protected":false},"author":1,"featured_media":847,"parent":0,"menu_order":0,"comment_status":"closed","ping_status":"closed","template":"","meta":{"_acf_changed":false,"footnotes":""},"class_list":["post-360","page","type-page","status-publish","has-post-thumbnail","hentry"],"acf":[],"yoast_head":"<!-- This site is optimized with the Yoast SEO plugin v24.6 - https:\/\/yoast.com\/wordpress\/plugins\/seo\/ -->\n<title>Prilagojeni prevozi - AdriaConnect<\/title>\n<meta name=\"description\" content=\"Odkrijte prednosti prilagojenih tur: poplna fleksibilnost, lokalni vpogledi, udobje, personalizirana do\u017eivetja za skupino ali posameznike\" \/>\n<meta name=\"robots\" content=\"index, follow, max-snippet:-1, max-image-preview:large, max-video-preview:-1\" \/>\n<link rel=\"canonical\" href=\"https:\/\/adria-connect.si\/sl\/prilagojeni-prevozi\/\" \/>\n<meta property=\"og:locale\" content=\"sl_SI\" \/>\n<meta property=\"og:type\" content=\"article\" \/>\n<meta property=\"og:title\" content=\"Prilagojeni prevozi - AdriaConnect\" \/>\n<meta property=\"og:description\" content=\"Odkrijte prednosti prilagojenih tur: poplna fleksibilnost, lokalni vpogledi, udobje, personalizirana do\u017eivetja za skupino ali posameznike\" \/>\n<meta property=\"og:url\" content=\"https:\/\/adria-connect.si\/sl\/prilagojeni-prevozi\/\" \/>\n<meta property=\"og:site_name\" content=\"AdriaConnect\" \/>\n<meta property=\"article:modified_time\" content=\"2025-03-24T20:14:38+00:00\" \/>\n<meta property=\"og:image\" content=\"https:\/\/adria-connect.si\/wp-content\/uploads\/2025\/02\/ozadje_desktop.jpg\" \/>\n\t<meta property=\"og:image:width\" content=\"1600\" \/>\n\t<meta property=\"og:image:height\" content=\"1058\" \/>\n\t<meta property=\"og:image:type\" content=\"image\/jpeg\" \/>\n<meta name=\"twitter:card\" content=\"summary_large_image\" \/>\n<meta name=\"twitter:label1\" content=\"Est. reading time\" \/>\n\t<meta name=\"twitter:data1\" content=\"2 minuti\" \/>\n<script type=\"application\/ld+json\" class=\"yoast-schema-graph\">{\"@context\":\"https:\/\/schema.org\",\"@graph\":[{\"@type\":\"WebPage\",\"@id\":\"https:\/\/adria-connect.si\/sl\/prilagojeni-prevozi\/\",\"url\":\"https:\/\/adria-connect.si\/sl\/prilagojeni-prevozi\/\",\"name\":\"Prilagojeni prevozi - AdriaConnect\",\"isPartOf\":{\"@id\":\"http:\/\/adria-connect.si\/#website\"},\"primaryImageOfPage\":{\"@id\":\"https:\/\/adria-connect.si\/sl\/prilagojeni-prevozi\/#primaryimage\"},\"image\":{\"@id\":\"https:\/\/adria-connect.si\/sl\/prilagojeni-prevozi\/#primaryimage\"},\"thumbnailUrl\":\"https:\/\/www.adria-connect.si\/wp-content\/uploads\/2025\/02\/ozadje_desktop.jpg\",\"datePublished\":\"2024-09-11T12:28:17+00:00\",\"dateModified\":\"2025-03-24T20:14:38+00:00\",\"description\":\"Odkrijte prednosti prilagojenih tur: poplna fleksibilnost, lokalni vpogledi, udobje, personalizirana do\u017eivetja za skupino ali posameznike\",\"breadcrumb\":{\"@id\":\"https:\/\/adria-connect.si\/sl\/prilagojeni-prevozi\/#breadcrumb\"},\"inLanguage\":\"sl-SI\",\"potentialAction\":[{\"@type\":\"ReadAction\",\"target\":[\"https:\/\/adria-connect.si\/sl\/prilagojeni-prevozi\/\"]}]},{\"@type\":\"ImageObject\",\"inLanguage\":\"sl-SI\",\"@id\":\"https:\/\/adria-connect.si\/sl\/prilagojeni-prevozi\/#primaryimage\",\"url\":\"https:\/\/www.adria-connect.si\/wp-content\/uploads\/2025\/02\/ozadje_desktop.jpg\",\"contentUrl\":\"https:\/\/www.adria-connect.si\/wp-content\/uploads\/2025\/02\/ozadje_desktop.jpg\",\"width\":1600,\"height\":1058},{\"@type\":\"BreadcrumbList\",\"@id\":\"https:\/\/adria-connect.si\/sl\/prilagojeni-prevozi\/#breadcrumb\",\"itemListElement\":[{\"@type\":\"ListItem\",\"position\":1,\"name\":\"Home\",\"item\":\"https:\/\/adria-connect.si\/sl\/\"},{\"@type\":\"ListItem\",\"position\":2,\"name\":\"Prilagojeni prevozi\"}]},{\"@type\":\"WebSite\",\"@id\":\"http:\/\/adria-connect.si\/#website\",\"url\":\"http:\/\/adria-connect.si\/\",\"name\":\"AdriaConnect\",\"description\":\"\",\"publisher\":{\"@id\":\"http:\/\/adria-connect.si\/#organization\"},\"alternateName\":\"Ljubljana airport taxi transfers\",\"potentialAction\":[{\"@type\":\"SearchAction\",\"target\":{\"@type\":\"EntryPoint\",\"urlTemplate\":\"http:\/\/adria-connect.si\/?s={search_term_string}\"},\"query-input\":{\"@type\":\"PropertyValueSpecification\",\"valueRequired\":true,\"valueName\":\"search_term_string\"}}],\"inLanguage\":\"sl-SI\"},{\"@type\":\"Organization\",\"@id\":\"http:\/\/adria-connect.si\/#organization\",\"name\":\"AdriaConnect\",\"alternateName\":\"Ljubljana airport taxi transfers\",\"url\":\"http:\/\/adria-connect.si\/\",\"logo\":{\"@type\":\"ImageObject\",\"inLanguage\":\"sl-SI\",\"@id\":\"http:\/\/adria-connect.si\/#\/schema\/logo\/image\/\",\"url\":\"https:\/\/adria-connect.si\/wp-content\/uploads\/2024\/07\/adria-logo-main.svg\",\"contentUrl\":\"https:\/\/adria-connect.si\/wp-content\/uploads\/2024\/07\/adria-logo-main.svg\",\"width\":1,\"height\":1,\"caption\":\"AdriaConnect\"},\"image\":{\"@id\":\"http:\/\/adria-connect.si\/#\/schema\/logo\/image\/\"}}]}<\/script>\n<!-- \/ Yoast SEO plugin. -->","yoast_head_json":{"title":"Prilagojeni prevozi - AdriaConnect","description":"Odkrijte prednosti prilagojenih tur: poplna fleksibilnost, lokalni vpogledi, udobje, personalizirana do\u017eivetja za skupino ali posameznike","robots":{"index":"index","follow":"follow","max-snippet":"max-snippet:-1","max-image-preview":"max-image-preview:large","max-video-preview":"max-video-preview:-1"},"canonical":"https:\/\/adria-connect.si\/sl\/prilagojeni-prevozi\/","og_locale":"sl_SI","og_type":"article","og_title":"Prilagojeni prevozi - AdriaConnect","og_description":"Odkrijte prednosti prilagojenih tur: poplna fleksibilnost, lokalni vpogledi, udobje, personalizirana do\u017eivetja za skupino ali posameznike","og_url":"https:\/\/adria-connect.si\/sl\/prilagojeni-prevozi\/","og_site_name":"AdriaConnect","article_modified_time":"2025-03-24T20:14:38+00:00","og_image":[{"width":1600,"height":1058,"url":"https:\/\/adria-connect.si\/wp-content\/uploads\/2025\/02\/ozadje_desktop.jpg","type":"image\/jpeg"}],"twitter_card":"summary_large_image","twitter_misc":{"Est. reading time":"2 minuti"},"schema":{"@context":"https:\/\/schema.org","@graph":[{"@type":"WebPage","@id":"https:\/\/adria-connect.si\/sl\/prilagojeni-prevozi\/","url":"https:\/\/adria-connect.si\/sl\/prilagojeni-prevozi\/","name":"Prilagojeni prevozi - AdriaConnect","isPartOf":{"@id":"http:\/\/adria-connect.si\/#website"},"primaryImageOfPage":{"@id":"https:\/\/adria-connect.si\/sl\/prilagojeni-prevozi\/#primaryimage"},"image":{"@id":"https:\/\/adria-connect.si\/sl\/prilagojeni-prevozi\/#primaryimage"},"thumbnailUrl":"https:\/\/www.adria-connect.si\/wp-content\/uploads\/2025\/02\/ozadje_desktop.jpg","datePublished":"2024-09-11T12:28:17+00:00","dateModified":"2025-03-24T20:14:38+00:00","description":"Odkrijte prednosti prilagojenih tur: poplna fleksibilnost, lokalni vpogledi, udobje, personalizirana do\u017eivetja za skupino ali posameznike","breadcrumb":{"@id":"https:\/\/adria-connect.si\/sl\/prilagojeni-prevozi\/#breadcrumb"},"inLanguage":"sl-SI","potentialAction":[{"@type":"ReadAction","target":["https:\/\/adria-connect.si\/sl\/prilagojeni-prevozi\/"]}]},{"@type":"ImageObject","inLanguage":"sl-SI","@id":"https:\/\/adria-connect.si\/sl\/prilagojeni-prevozi\/#primaryimage","url":"https:\/\/www.adria-connect.si\/wp-content\/uploads\/2025\/02\/ozadje_desktop.jpg","contentUrl":"https:\/\/www.adria-connect.si\/wp-content\/uploads\/2025\/02\/ozadje_desktop.jpg","width":1600,"height":1058},{"@type":"BreadcrumbList","@id":"https:\/\/adria-connect.si\/sl\/prilagojeni-prevozi\/#breadcrumb","itemListElement":[{"@type":"ListItem","position":1,"name":"Home","item":"https:\/\/adria-connect.si\/sl\/"},{"@type":"ListItem","position":2,"name":"Prilagojeni prevozi"}]},{"@type":"WebSite","@id":"http:\/\/adria-connect.si\/#website","url":"http:\/\/adria-connect.si\/","name":"AdriaConnect","description":"","publisher":{"@id":"http:\/\/adria-connect.si\/#organization"},"alternateName":"Ljubljana airport taxi transfers","potentialAction":[{"@type":"SearchAction","target":{"@type":"EntryPoint","urlTemplate":"http:\/\/adria-connect.si\/?s={search_term_string}"},"query-input":{"@type":"PropertyValueSpecification","valueRequired":true,"valueName":"search_term_string"}}],"inLanguage":"sl-SI"},{"@type":"Organization","@id":"http:\/\/adria-connect.si\/#organization","name":"AdriaConnect","alternateName":"Ljubljana airport taxi transfers","url":"http:\/\/adria-connect.si\/","logo":{"@type":"ImageObject","inLanguage":"sl-SI","@id":"http:\/\/adria-connect.si\/#\/schema\/logo\/image\/","url":"https:\/\/adria-connect.si\/wp-content\/uploads\/2024\/07\/adria-logo-main.svg","contentUrl":"https:\/\/adria-connect.si\/wp-content\/uploads\/2024\/07\/adria-logo-main.svg","width":1,"height":1,"caption":"AdriaConnect"},"image":{"@id":"http:\/\/adria-connect.si\/#\/schema\/logo\/image\/"}}]}},"_links":{"self":[{"href":"https:\/\/www.adria-connect.si\/sl\/wp-json\/wp\/v2\/pages\/360","targetHints":{"allow":["GET"]}}],"collection":[{"href":"https:\/\/www.adria-connect.si\/sl\/wp-json\/wp\/v2\/pages"}],"about":[{"href":"https:\/\/www.adria-connect.si\/sl\/wp-json\/wp\/v2\/types\/page"}],"author":[{"embeddable":true,"href":"https:\/\/www.adria-connect.si\/sl\/wp-json\/wp\/v2\/users\/1"}],"replies":[{"embeddable":true,"href":"https:\/\/www.adria-connect.si\/sl\/wp-json\/wp\/v2\/comments?post=360"}],"version-history":[{"count":9,"href":"https:\/\/www.adria-connect.si\/sl\/wp-json\/wp\/v2\/pages\/360\/revisions"}],"predecessor-version":[{"id":743,"href":"https:\/\/www.adria-connect.si\/sl\/wp-json\/wp\/v2\/pages\/360\/revisions\/743"}],"wp:featuredmedia":[{"embeddable":true,"href":"https:\/\/www.adria-connect.si\/sl\/wp-json\/wp\/v2\/media\/847"}],"wp:attachment":[{"href":"https:\/\/www.adria-connect.si\/sl\/wp-json\/wp\/v2\/media?parent=360"}],"curies":[{"name":"wp","href":"https:\/\/api.w.org\/{rel}","templated":true}]}}