{"id":362,"date":"2024-07-10T11:00:03","date_gmt":"2024-07-10T11:00:03","guid":{"rendered":"http:\/\/adria-connect.test\/book-transfer\/"},"modified":"2025-03-24T20:11:33","modified_gmt":"2025-03-24T20:11:33","slug":"naroci-transfer","status":"publish","type":"page","link":"https:\/\/www.adria-connect.si\/sl\/naroci-transfer\/","title":{"rendered":"Naro\u010di transfer"},"content":{"rendered":"\n\n<div class=\"hf-form-basic-700\">\n    <div class=\"container-inner\">\n        <div class=\"content row-md-1 content-start-md-3 content-span-md-8 pt-0\">\n            <h2 class=\"title70 align-left\">Podatki o transferju<\/h2>\n        \n        <div class=\"gutenberg-block form contact-form\">\n            \t\t<form id=\"acf-form\" class=\"acf-form\" action=\"\" method=\"post\">\n\t\t\t\t\t<div id=\"acf-form-data\" class=\"acf-hidden\">\n\t\t<input type=\"hidden\" id=\"_acf_screen\" name=\"_acf_screen\" value=\"acf_form\"\/><input type=\"hidden\" id=\"_acf_post_id\" name=\"_acf_post_id\" value=\"new_post\"\/><input type=\"hidden\" id=\"_acf_validation\" name=\"_acf_validation\" value=\"1\"\/><input type=\"hidden\" id=\"_acf_form\" name=\"_acf_form\" value=\"Znd4THEyM0w5bkxnSlNya0NnemJTeTVQbUFCQllqeWlBbG9SSjZBbjA4TUVlanJlOFI5dHRTTGdxaTlYUFZ0R3NDTDRTVUs0a1VMYlpjS05FSVZyK2VBcUtmdWVHVG40SERZeGR1UzJxZHdCT1pPYk5HbGhOSXEzbTNoTnlobkp5aFcrMXhtTWtjdmhWTmllbTR2bUVKd0o3TWZpanNzb0JBWU95Y2NPeEVSMWFRek1mQmRpTGh5TE5xZjRPZi9qYmx4N3U2TDNBSkpUNWM2ckNXTHNUbFFXa3ptL2RyblM2elRnZnNzNktENndZa2hrYXduUHhWQVNOOUE3azNFNEJtMzBBQWpTNG9jcUo4RHlVUERBRmJlbDcyQnBDNmpiditxYVNpbjVGQitPbjBRWnU0WEFwcHhkaWMvRWhwbGx4a0xTNkN0U0IxUHN5RG1wUk5oZzg0cVYrSDEveWZuYW1yT0dOc25GQ2oyTCt3MHZhMldRSW9YM2ZOUlM2dEFZcnUzVWx6U2Z6ZUo4UFRLMHh5OEd0cWdyYmVpbUNndVdQUGM4cTFsZVFWeStnRUdWbTJVd1NkZ2I4Y2IrUUpoSHdXayt2eUtFUXloYTJxaVE0cSt1Q0hXdlNESHNWUnA2OTdaSGxhYUNlclU4cURaeHFoMDM5dGFyWTdoOFN2RkZPMFpQL0R5Ly80ZndJRjl1Z1B1Ky8rdjN3UnpMSjJOSjQvVEVxRWlUcFd5dEdMUUJYOUt4OHZKUlBqWFFuZWh0ZGhuOW9qclJiVk8rR3IrTlk4blIydC92UHd1ZjR2d2lVcmtmdW9lNjcrSjJyY2pIck5kUEtGcTdHc0dCOUxnVmxwZmFCT3JJS2MyV0Vrekd6VTNSaHlzM2pOajhLd2VjTW42em84a1B4UW9tWGJDZWUxQjNNeXk4U0pVSy9pYWFXZnRpNUlSaFFOQUxZMVNCVFNBS1dHNzNXRXB2bk4xOGdDR1hFQmdSUFZpY0VkZWEvcWRtWFpFMWZIL20xUzFOT0hQTUtyQzBDMU5QNFJDSUY3MHpjNHgzelQ0ZDc1Ui9Sa05BNko1aksva2xLclJYRk9wdk05b2Vrc3d2c09RUWpJc0QrU3VtZkM1U2VmemRsWjlMRjk0ME5BdTMzdWFyT3JkNkxWem5rQmR0VVlscm8zOFhvSHR3c25ZaTNCOXpON0VMWitzUUlMNUxJNUJ5azVyOUMvWkpCMnhJc2Z2WEZEcXhTK01oa2t6MXlZbFFnaGdNSDFremVxL2EyRnhCVllOWmp6RlJselR4RmJORHVvY09qOFlyUmM2a3Q5RGdYeTBDVlo0N05kRFNFbXJXMFNlWU01ZWdHU001bEkzczlWd2lLM1haRmZvdmdQaDZYUFU2MDJRNUFHOExobjEwdTRWZHdMNktqdDZ1dXVkdkk5TDlPVGllVEpkRVhCTDFhY2RCNCs0QWYyVVZhTDk2alNHSUtnPT06OihGg3U8NKd7UNrPVh3PV+Q=\"\/><input type=\"hidden\" id=\"_acf_nonce\" name=\"_acf_nonce\" value=\"1f896a1366\"\/><input type=\"hidden\" id=\"_acf_changed\" name=\"_acf_changed\" value=\"0\"\/>\t<\/div>\n\t\t\t\t<div class=\"acf-fields acf-form-fields -top\">\n\t\t\t\t\t\t\t\t<div class=\"acf-field acf-field-select acf-field-hf-cf-form-destination is-required\" data-name=\"hf_cf_form_destination\" data-type=\"select\" data-key=\"hf_cf_form_destination\" data-required=\"1\">\n<div class=\"acf-label\">\n<label for=\"acf-hf_cf_form_destination\">Destination <span class=\"acf-required\">*<\/span><\/label><\/div>\n<div class=\"acf-input\">\n<select id=\"acf-hf_cf_form_destination\" class=\"\" name=\"acf[hf_cf_form_destination]\" data-ui=\"0\" data-ajax=\"0\" data-multiple=\"0\" data-placeholder=\"Destination\" data-allow_null=\"0\"><option value=\"\" selected=\"selected\" data-i=\"0\">Choose destination<\/option><option value=\"650\">Hrva\u0161ka<\/option><option value=\"651\">Italija<\/option><option value=\"652\">Avstrija<\/option><option value=\"653\">Slovenija<\/option><\/select><\/div>\n<\/div>\n<div class=\"acf-field acf-field-select acf-field-hf-cf-form-transfer is-required\" data-name=\"hf_cf_form_transfer_name\" data-type=\"select\" data-key=\"hf_cf_form_transfer\" data-required=\"1\">\n<div class=\"acf-label\">\n<label for=\"acf-hf_cf_form_transfer\">Trip name <span class=\"acf-required\">*<\/span><\/label><\/div>\n<div class=\"acf-input\">\n<select id=\"acf-hf_cf_form_transfer\" class=\"\" name=\"acf[hf_cf_form_transfer]\" data-ui=\"0\" data-ajax=\"0\" data-multiple=\"0\" data-placeholder=\"Choose transport\" data-allow_null=\"0\"><option value=\"\" selected=\"selected\" data-i=\"0\">Choose transport<\/option><option value=\"654\">Ljubljana letali\u0161\u010de do Umaga<\/option><option value=\"655\">Ljubljana letali\u0161\u010de do Dubrovnika<\/option><option value=\"656\">Ljubljana letali\u0161\u010de do Reke<\/option><option value=\"657\">Ljubljana letali\u0161\u010de do Pule<\/option><option value=\"658\">Ljubljana letali\u0161\u010de do Pore\u010da<\/option><option value=\"659\">Ljubljana letali\u0161\u010de do Rovinja<\/option><option value=\"660\">Ljubljana letali\u0161\u010de do Zagreba ( Franjo Tu\u0111man Airport )<\/option><option value=\"661\">Ljubljana letali\u0161\u010de do Treviso letali\u0161\u010da<\/option><option value=\"662\">Ljubljana letali\u0161\u010de do Milano ( Linate Airport )<\/option><option value=\"663\">Ljubljana letali\u0161\u010de do letali\u0161\u010da Benetk ( Marco Polo Airport )<\/option><option value=\"664\">Ljubljana letali\u0161\u010de do Trst letali\u0161\u010da ( Rochi Airport )<\/option><option value=\"665\">Ljubljana letali\u0161\u010de do Trsta<\/option><option value=\"666\">Ljubljana letali\u0161\u010de do Celovca<\/option><option value=\"667\">Ljubljana letali\u0161\u010de do letali\u0161\u010da Salzburg<\/option><option value=\"668\">Ljubljana letali\u0161\u010de do letali\u0161\u010da Gradec<\/option><option value=\"746\">Ljubljana letali\u0161\u010de do letali\u0161\u010da Dunaj<\/option><option value=\"747\">Ljubljana letali\u0161\u010de do Murske Sobote<\/option><option value=\"748\">Ljubljana letali\u0161\u010de do Maribora<\/option><option value=\"749\">Ljubljana letali\u0161\u010de do Roga\u0161ke Slatine<\/option><option value=\"750\">Ljubljana letali\u0161\u010de do Pirana<\/option><option value=\"751\">Ljubljana letali\u0161\u010de do Portoro\u017ea<\/option><option value=\"752\">Ljubljana letali\u0161\u010de do Postojne<\/option><option value=\"753\">Ljubljana letali\u0161\u010de do Bohinja<\/option><option value=\"754\">Ljubljana letali\u0161\u010de do Bleda<\/option><option value=\"755\">Ljubljana letali\u0161\u010de do centra Ljubljane<\/option><\/select><\/div>\n<\/div>\n<div class=\"acf-field acf-field-date-picker acf-field-hf-cf-form-date is-required\" data-name=\"hf_cf_form_date\" data-type=\"date_picker\" data-key=\"hf_cf_form_date\" data-required=\"1\">\n<div class=\"acf-label\">\n<label for=\"acf-hf_cf_form_date\">Select date <span class=\"acf-required\">*<\/span><\/label><\/div>\n<div class=\"acf-input\">\n\t\t<div class=\"acf-date-picker acf-input-wrap\" data-date_format=\"dd\/mm\/yy\" data-first_day=\"1\">\n\t\t\t<input type=\"hidden\" id=\"acf-hf_cf_form_date\" name=\"acf[hf_cf_form_date]\" value=\"\"\/>\t\t\t<input type=\"text\" class=\"input\" value=\"\"\/>\t\t<\/div>\n\t\t\t<\/div>\n<\/div>\n<div class=\"acf-field acf-field-time-picker acf-field-hf-cf-form-time is-required\" data-name=\"hf_cf_form_time\" data-type=\"time_picker\" data-key=\"hf_cf_form_time\" data-required=\"1\">\n<div class=\"acf-label\">\n<label for=\"acf-hf_cf_form_time\">Select time <span class=\"acf-required\">*<\/span><\/label><\/div>\n<div class=\"acf-input\">\n\t\t<div class=\"acf-time-picker acf-input-wrap\" data-time_format=\"h:mm tt\">\n\t\t\t<input type=\"hidden\" id=\"acf-hf_cf_form_time\" class=\"input-alt\" type=\"hidden\" name=\"acf[hf_cf_form_time]\" value=\"\"\/>\t\t\t<input type=\"text\" class=\"input\" value=\"\"\/>\t\t<\/div>\n\t\t\t<\/div>\n<\/div>\n<div class=\"acf-field acf-field-message acf-field-hf-cf-form-subtitle\" data-type=\"message\" data-key=\"hf_cf_form_subtitle\">\n<div class=\"acf-label\">\n<label for=\"acf-hf_cf_form_subtitle\">Podnaslov<\/label><\/div>\n<div class=\"acf-input\">\n<p>Contact Information<\/p>\n<\/div>\n<\/div>\n<div class=\"acf-field acf-field-text acf-field-hf-cf-form-name is-required\" data-name=\"hf_cf_form_name\" data-type=\"text\" data-key=\"hf_cf_form_name\" data-required=\"1\">\n<div class=\"acf-label\">\n<label for=\"acf-hf_cf_form_name\">Your name and surname <span class=\"acf-required\">*<\/span><\/label><\/div>\n<div class=\"acf-input\">\n<div class=\"acf-input-wrap\"><input type=\"text\" id=\"acf-hf_cf_form_name\" name=\"acf[hf_cf_form_name]\" placeholder=\"Your name and surname\" required=\"required\"\/><\/div><\/div>\n<\/div>\n<div class=\"acf-field acf-field-text acf-field-hf-cf-form-tel-number is-required\" data-name=\"hf_cf_form_tel_number\" data-type=\"text\" data-key=\"hf_cf_form_tel_number\" data-required=\"1\">\n<div class=\"acf-label\">\n<label for=\"acf-hf_cf_form_tel_number\">Your contact number <span class=\"acf-required\">*<\/span><\/label><\/div>\n<div class=\"acf-input\">\n<div class=\"acf-input-wrap\"><input type=\"text\" id=\"acf-hf_cf_form_tel_number\" name=\"acf[hf_cf_form_tel_number]\" placeholder=\"Your contact number\" required=\"required\"\/><\/div><\/div>\n<\/div>\n<div class=\"acf-field acf-field-email acf-field-hf-cf-form-email is-required\" data-name=\"hf_cf_form_email\" data-type=\"email\" data-key=\"hf_cf_form_email\" data-required=\"1\">\n<div class=\"acf-label\">\n<label for=\"acf-hf_cf_form_email\">E-po\u0161ta <span class=\"acf-required\">*<\/span><\/label><\/div>\n<div class=\"acf-input\">\n<div class=\"acf-input-wrap\"><input type=\"email\" id=\"acf-hf_cf_form_email\" name=\"acf[hf_cf_form_email]\" placeholder=\"Your email\" required=\"required\"\/><\/div><\/div>\n<\/div>\n<div class=\"acf-field acf-field-number acf-field-hf-cf-form-passengers is-required\" data-name=\"hf_cf_form_passengers\" data-type=\"number\" data-key=\"hf_cf_form_passengers\" data-required=\"1\">\n<div class=\"acf-label\">\n<label for=\"acf-hf_cf_form_passengers\">Number of passengers <span class=\"acf-required\">*<\/span><\/label><\/div>\n<div class=\"acf-input\">\n<div class=\"acf-input-wrap\"><input type=\"number\" id=\"acf-hf_cf_form_passengers\" name=\"acf[hf_cf_form_passengers]\" step=\"any\" placeholder=\"Numbers of passengers\" required=\"required\"\/><\/div><\/div>\n<\/div>\n<div id=\"gdpr\" class=\"acf-field acf-field-checkbox acf-field-hf-cf-gdpr is-required\" data-name=\"hf_cf_gdpr\" data-type=\"checkbox\" data-key=\"hf_cf_gdpr\" data-required=\"1\">\n<div class=\"acf-label\">\n<label for=\"acf-hf_cf_gdpr\">GDPR <span class=\"acf-required\">*<\/span><\/label><\/div>\n<div class=\"acf-input\">\n<input type=\"hidden\" name=\"acf[hf_cf_gdpr]\"\/><ul class=\"acf-checkbox-list acf-bl\">\n<li><label><input type=\"checkbox\" id=\"acf-hf_cf_gdpr-yes\" name=\"acf[hf_cf_gdpr][]\" value=\"yes\"\/> GDPR: By using this form you agree to our terms &amp; conditions.<\/label><\/li>\n<\/ul>\n<\/div>\n<\/div>\n<div class=\"acf-field acf-field-text acf-field--validate-email\" style=\"display:none !important;\" data-name=\"_validate_email\" data-type=\"text\" data-key=\"_validate_email\">\n<div class=\"acf-label\">\n<label for=\"acf-_validate_email\">Validate Email<\/label><\/div>\n<div class=\"acf-input\">\n<div class=\"acf-input-wrap\"><input type=\"text\" id=\"acf-_validate_email\" name=\"acf[_validate_email]\"\/><\/div><\/div>\n<\/div>\n\t\t\t\t\t\t\t<\/div>\n\t\t\t\t\t\t<div class=\"acf-form-submit\">\n\t\t\t\t<input type=\"submit\" class=\"acf-button button button-primary button-large\" value=\"Potrdi\" \/>\t\t\t\t<span class=\"acf-spinner\"><\/span>\t\t\t<\/div>\n\t\t<\/form>\n\t\t            <div class=\"important-infromations\">\n                            <\/div>\n        <\/div>\n        <\/div>\n    <\/div>\n<\/div>\n\n","protected":false},"excerpt":{"rendered":"","protected":false},"author":1,"featured_media":847,"parent":0,"menu_order":0,"comment_status":"closed","ping_status":"closed","template":"page-templates\/booking.php","meta":{"_acf_changed":false,"footnotes":""},"class_list":["post-362","page","type-page","status-publish","has-post-thumbnail","hentry"],"acf":[],"yoast_head":"<!-- This site is optimized with the Yoast SEO plugin v24.6 - https:\/\/yoast.com\/wordpress\/plugins\/seo\/ -->\n<title>Naro\u010di transfer - AdriaConnect<\/title>\n<meta name=\"description\" content=\"Preprosto in zanesljivo naro\u010dite svoj transfer z ljubljanskega letali\u0161\u010da - na voljo 24\/7 za udoben za\u010detek ali konec va\u0161ega potovanja\" \/>\n<meta name=\"robots\" content=\"index, follow, max-snippet:-1, max-image-preview:large, max-video-preview:-1\" \/>\n<link rel=\"canonical\" href=\"https:\/\/adria-connect.si\/sl\/naroci-transfer\/\" \/>\n<meta property=\"og:locale\" content=\"sl_SI\" \/>\n<meta property=\"og:type\" content=\"article\" \/>\n<meta property=\"og:title\" content=\"Naro\u010di transfer - AdriaConnect\" \/>\n<meta property=\"og:description\" content=\"Preprosto in zanesljivo naro\u010dite svoj transfer z ljubljanskega letali\u0161\u010da - na voljo 24\/7 za udoben za\u010detek ali konec va\u0161ega potovanja\" \/>\n<meta property=\"og:url\" content=\"https:\/\/adria-connect.si\/sl\/naroci-transfer\/\" \/>\n<meta property=\"og:site_name\" content=\"AdriaConnect\" \/>\n<meta property=\"article:modified_time\" content=\"2025-03-24T20:11:33+00:00\" \/>\n<meta property=\"og:image\" content=\"https:\/\/adria-connect.si\/wp-content\/uploads\/2025\/02\/ozadje_desktop.jpg\" \/>\n\t<meta property=\"og:image:width\" content=\"1600\" \/>\n\t<meta property=\"og:image:height\" content=\"1058\" \/>\n\t<meta property=\"og:image:type\" content=\"image\/jpeg\" \/>\n<meta name=\"twitter:card\" content=\"summary_large_image\" \/>\n<meta name=\"twitter:label1\" content=\"Est. reading time\" \/>\n\t<meta name=\"twitter:data1\" content=\"1 minuta\" \/>\n<script type=\"application\/ld+json\" class=\"yoast-schema-graph\">{\"@context\":\"https:\/\/schema.org\",\"@graph\":[{\"@type\":\"WebPage\",\"@id\":\"https:\/\/adria-connect.si\/sl\/naroci-transfer\/\",\"url\":\"https:\/\/adria-connect.si\/sl\/naroci-transfer\/\",\"name\":\"Naro\u010di transfer - AdriaConnect\",\"isPartOf\":{\"@id\":\"http:\/\/adria-connect.si\/#website\"},\"primaryImageOfPage\":{\"@id\":\"https:\/\/adria-connect.si\/sl\/naroci-transfer\/#primaryimage\"},\"image\":{\"@id\":\"https:\/\/adria-connect.si\/sl\/naroci-transfer\/#primaryimage\"},\"thumbnailUrl\":\"https:\/\/www.adria-connect.si\/wp-content\/uploads\/2025\/02\/ozadje_desktop.jpg\",\"datePublished\":\"2024-07-10T11:00:03+00:00\",\"dateModified\":\"2025-03-24T20:11:33+00:00\",\"description\":\"Preprosto in zanesljivo naro\u010dite svoj transfer z ljubljanskega letali\u0161\u010da - na voljo 24\/7 za udoben za\u010detek ali konec va\u0161ega potovanja\",\"breadcrumb\":{\"@id\":\"https:\/\/adria-connect.si\/sl\/naroci-transfer\/#breadcrumb\"},\"inLanguage\":\"sl-SI\",\"potentialAction\":[{\"@type\":\"ReadAction\",\"target\":[\"https:\/\/adria-connect.si\/sl\/naroci-transfer\/\"]}]},{\"@type\":\"ImageObject\",\"inLanguage\":\"sl-SI\",\"@id\":\"https:\/\/adria-connect.si\/sl\/naroci-transfer\/#primaryimage\",\"url\":\"https:\/\/www.adria-connect.si\/wp-content\/uploads\/2025\/02\/ozadje_desktop.jpg\",\"contentUrl\":\"https:\/\/www.adria-connect.si\/wp-content\/uploads\/2025\/02\/ozadje_desktop.jpg\",\"width\":1600,\"height\":1058},{\"@type\":\"BreadcrumbList\",\"@id\":\"https:\/\/adria-connect.si\/sl\/naroci-transfer\/#breadcrumb\",\"itemListElement\":[{\"@type\":\"ListItem\",\"position\":1,\"name\":\"Home\",\"item\":\"https:\/\/adria-connect.si\/sl\/\"},{\"@type\":\"ListItem\",\"position\":2,\"name\":\"Naro\u010di transfer\"}]},{\"@type\":\"WebSite\",\"@id\":\"http:\/\/adria-connect.si\/#website\",\"url\":\"http:\/\/adria-connect.si\/\",\"name\":\"AdriaConnect\",\"description\":\"\",\"publisher\":{\"@id\":\"http:\/\/adria-connect.si\/#organization\"},\"alternateName\":\"Ljubljana airport taxi transfers\",\"potentialAction\":[{\"@type\":\"SearchAction\",\"target\":{\"@type\":\"EntryPoint\",\"urlTemplate\":\"http:\/\/adria-connect.si\/?s={search_term_string}\"},\"query-input\":{\"@type\":\"PropertyValueSpecification\",\"valueRequired\":true,\"valueName\":\"search_term_string\"}}],\"inLanguage\":\"sl-SI\"},{\"@type\":\"Organization\",\"@id\":\"http:\/\/adria-connect.si\/#organization\",\"name\":\"AdriaConnect\",\"alternateName\":\"Ljubljana airport taxi transfers\",\"url\":\"http:\/\/adria-connect.si\/\",\"logo\":{\"@type\":\"ImageObject\",\"inLanguage\":\"sl-SI\",\"@id\":\"http:\/\/adria-connect.si\/#\/schema\/logo\/image\/\",\"url\":\"https:\/\/adria-connect.si\/wp-content\/uploads\/2024\/07\/adria-logo-main.svg\",\"contentUrl\":\"https:\/\/adria-connect.si\/wp-content\/uploads\/2024\/07\/adria-logo-main.svg\",\"width\":1,\"height\":1,\"caption\":\"AdriaConnect\"},\"image\":{\"@id\":\"http:\/\/adria-connect.si\/#\/schema\/logo\/image\/\"}}]}<\/script>\n<!-- \/ Yoast SEO plugin. -->","yoast_head_json":{"title":"Naro\u010di transfer - AdriaConnect","description":"Preprosto in zanesljivo naro\u010dite svoj transfer z ljubljanskega letali\u0161\u010da - na voljo 24\/7 za udoben za\u010detek ali konec va\u0161ega potovanja","robots":{"index":"index","follow":"follow","max-snippet":"max-snippet:-1","max-image-preview":"max-image-preview:large","max-video-preview":"max-video-preview:-1"},"canonical":"https:\/\/adria-connect.si\/sl\/naroci-transfer\/","og_locale":"sl_SI","og_type":"article","og_title":"Naro\u010di transfer - AdriaConnect","og_description":"Preprosto in zanesljivo naro\u010dite svoj transfer z ljubljanskega letali\u0161\u010da - na voljo 24\/7 za udoben za\u010detek ali konec va\u0161ega potovanja","og_url":"https:\/\/adria-connect.si\/sl\/naroci-transfer\/","og_site_name":"AdriaConnect","article_modified_time":"2025-03-24T20:11:33+00:00","og_image":[{"width":1600,"height":1058,"url":"https:\/\/adria-connect.si\/wp-content\/uploads\/2025\/02\/ozadje_desktop.jpg","type":"image\/jpeg"}],"twitter_card":"summary_large_image","twitter_misc":{"Est. reading time":"1 minuta"},"schema":{"@context":"https:\/\/schema.org","@graph":[{"@type":"WebPage","@id":"https:\/\/adria-connect.si\/sl\/naroci-transfer\/","url":"https:\/\/adria-connect.si\/sl\/naroci-transfer\/","name":"Naro\u010di transfer - AdriaConnect","isPartOf":{"@id":"http:\/\/adria-connect.si\/#website"},"primaryImageOfPage":{"@id":"https:\/\/adria-connect.si\/sl\/naroci-transfer\/#primaryimage"},"image":{"@id":"https:\/\/adria-connect.si\/sl\/naroci-transfer\/#primaryimage"},"thumbnailUrl":"https:\/\/www.adria-connect.si\/wp-content\/uploads\/2025\/02\/ozadje_desktop.jpg","datePublished":"2024-07-10T11:00:03+00:00","dateModified":"2025-03-24T20:11:33+00:00","description":"Preprosto in zanesljivo naro\u010dite svoj transfer z ljubljanskega letali\u0161\u010da - na voljo 24\/7 za udoben za\u010detek ali konec va\u0161ega potovanja","breadcrumb":{"@id":"https:\/\/adria-connect.si\/sl\/naroci-transfer\/#breadcrumb"},"inLanguage":"sl-SI","potentialAction":[{"@type":"ReadAction","target":["https:\/\/adria-connect.si\/sl\/naroci-transfer\/"]}]},{"@type":"ImageObject","inLanguage":"sl-SI","@id":"https:\/\/adria-connect.si\/sl\/naroci-transfer\/#primaryimage","url":"https:\/\/www.adria-connect.si\/wp-content\/uploads\/2025\/02\/ozadje_desktop.jpg","contentUrl":"https:\/\/www.adria-connect.si\/wp-content\/uploads\/2025\/02\/ozadje_desktop.jpg","width":1600,"height":1058},{"@type":"BreadcrumbList","@id":"https:\/\/adria-connect.si\/sl\/naroci-transfer\/#breadcrumb","itemListElement":[{"@type":"ListItem","position":1,"name":"Home","item":"https:\/\/adria-connect.si\/sl\/"},{"@type":"ListItem","position":2,"name":"Naro\u010di transfer"}]},{"@type":"WebSite","@id":"http:\/\/adria-connect.si\/#website","url":"http:\/\/adria-connect.si\/","name":"AdriaConnect","description":"","publisher":{"@id":"http:\/\/adria-connect.si\/#organization"},"alternateName":"Ljubljana airport taxi transfers","potentialAction":[{"@type":"SearchAction","target":{"@type":"EntryPoint","urlTemplate":"http:\/\/adria-connect.si\/?s={search_term_string}"},"query-input":{"@type":"PropertyValueSpecification","valueRequired":true,"valueName":"search_term_string"}}],"inLanguage":"sl-SI"},{"@type":"Organization","@id":"http:\/\/adria-connect.si\/#organization","name":"AdriaConnect","alternateName":"Ljubljana airport taxi transfers","url":"http:\/\/adria-connect.si\/","logo":{"@type":"ImageObject","inLanguage":"sl-SI","@id":"http:\/\/adria-connect.si\/#\/schema\/logo\/image\/","url":"https:\/\/adria-connect.si\/wp-content\/uploads\/2024\/07\/adria-logo-main.svg","contentUrl":"https:\/\/adria-connect.si\/wp-content\/uploads\/2024\/07\/adria-logo-main.svg","width":1,"height":1,"caption":"AdriaConnect"},"image":{"@id":"http:\/\/adria-connect.si\/#\/schema\/logo\/image\/"}}]}},"_links":{"self":[{"href":"https:\/\/www.adria-connect.si\/sl\/wp-json\/wp\/v2\/pages\/362","targetHints":{"allow":["GET"]}}],"collection":[{"href":"https:\/\/www.adria-connect.si\/sl\/wp-json\/wp\/v2\/pages"}],"about":[{"href":"https:\/\/www.adria-connect.si\/sl\/wp-json\/wp\/v2\/types\/page"}],"author":[{"embeddable":true,"href":"https:\/\/www.adria-connect.si\/sl\/wp-json\/wp\/v2\/users\/1"}],"replies":[{"embeddable":true,"href":"https:\/\/www.adria-connect.si\/sl\/wp-json\/wp\/v2\/comments?post=362"}],"version-history":[{"count":2,"href":"https:\/\/www.adria-connect.si\/sl\/wp-json\/wp\/v2\/pages\/362\/revisions"}],"predecessor-version":[{"id":707,"href":"https:\/\/www.adria-connect.si\/sl\/wp-json\/wp\/v2\/pages\/362\/revisions\/707"}],"wp:featuredmedia":[{"embeddable":true,"href":"https:\/\/www.adria-connect.si\/sl\/wp-json\/wp\/v2\/media\/847"}],"wp:attachment":[{"href":"https:\/\/www.adria-connect.si\/sl\/wp-json\/wp\/v2\/media?parent=362"}],"curies":[{"name":"wp","href":"https:\/\/api.w.org\/{rel}","templated":true}]}}